{"id":28,"date":"2019-11-12T13:19:18","date_gmt":"2019-11-12T12:19:18","guid":{"rendered":"http:\/\/nwjjv-jugend.de\/wordpress\/?page_id=28"},"modified":"2022-04-01T08:08:45","modified_gmt":"2022-04-01T06:08:45","slug":"ju-jutsu-was-ist-denn-das","status":"publish","type":"page","link":"https:\/\/nwjjv-jugend.de\/wordpress\/ju-jutsu-was-ist-denn-das\/","title":{"rendered":"Ju-Jutsu ? was ist denn das ?"},"content":{"rendered":"<div class=\"tapp__content\" data-element-id=\"2\">\n<div class=\"content__card\">\n<div class=\"elementWrapper\">\n<div class=\"wrapperContent\">\n<h1>Ju-Jutsu<\/h1>\n<h3>Der japanisch klingende Name t\u00e4uscht!<\/h3>\n<p><img loading=\"lazy\" decoding=\"async\" class=\" wp-image-56 alignleft\" src=\"https:\/\/nwjjv-jugend.de\/wordpress\/wp-content\/uploads\/2022\/04\/4f6e14fc-431c-424b-95c3-2c9811a0ef0b-300x225.jpg\" alt=\"\" width=\"212\" height=\"159\" srcset=\"https:\/\/nwjjv-jugend.de\/wordpress\/wp-content\/uploads\/2022\/04\/4f6e14fc-431c-424b-95c3-2c9811a0ef0b-300x225.jpg 300w, https:\/\/nwjjv-jugend.de\/wordpress\/wp-content\/uploads\/2022\/04\/4f6e14fc-431c-424b-95c3-2c9811a0ef0b.jpg 600w\" sizes=\"auto, (max-width: 212px) 100vw, 212px\" \/><b>Ju-Jutsu<\/b> wurde vor rund 50 Jahren als Selbstverteidigung f\u00fcr Polizei und Milit\u00e4r<\/p>\n<p>entwickelt. <b>Ju-Jutsu<\/b> verwendet auch viele Techniken aus anderen Kampfsportarten wie Judo, Karate, Boxen, Aikido und mehr. Deshalb bietet <b>Ju-Jutsu<\/b> f\u00fcr Menschen jeden Alters sehr wirkungsvollen Methoden, sich im Ernstfall wirkungsvoll wehren zu k\u00f6nnen.<\/p>\n<\/div>\n<\/div>\n<\/div>\n<div class=\"content__card\">\n<div class=\"elementWrapper\">\n<div class=\"wrapperContent\">\n<p><img loading=\"lazy\" decoding=\"async\" class=\" wp-image-57 alignright\" src=\"https:\/\/nwjjv-jugend.de\/wordpress\/wp-content\/uploads\/2022\/04\/0444e129-be0b-4ad9-8e4d-9ce3fb2a28b8-200x300.jpg\" alt=\"\" width=\"133\" height=\"200\" srcset=\"https:\/\/nwjjv-jugend.de\/wordpress\/wp-content\/uploads\/2022\/04\/0444e129-be0b-4ad9-8e4d-9ce3fb2a28b8-200x300.jpg 200w, https:\/\/nwjjv-jugend.de\/wordpress\/wp-content\/uploads\/2022\/04\/0444e129-be0b-4ad9-8e4d-9ce3fb2a28b8.jpg 400w\" sizes=\"auto, (max-width: 133px) 100vw, 133px\" \/> Heute wird <b>Ju-Jutsu<\/b> weltweit von Hunderttausenden von Menschen erlernt, trainiert und immer weiter angepasst und ausgebaut. Der grundlegende Vorteil von<b> Ju-Juts<\/b>u liegt darin, dass dank der Vielzahl der Techniken praktisch jeder zum Erfolg kommen kann.<\/p>\n<p>Allein in NRW wird <b>Ju-Jutsu<\/b> von \u00fcber 8000 Menschen in mehr als 142 Vereinen gepflegt. Sowohl als \u201eBreitensport f\u00fcr Jedermann\u201c als auch in international stattfindenden Wettk\u00e4mpfen.<\/p>\n<p>Viele Kinder und Jugendliche lernen und \u00fcben Selbstverteidigung, um sich im Notfall wehren zu k\u00f6nnen oder sie trainieren, um an spannenden Wettk\u00e4mpfen teilzunehmen.<\/p>\n<\/div>\n<\/div>\n<\/div>\n<\/div>\n","protected":false},"excerpt":{"rendered":"<p>Ju-Jutsu Der japanisch klingende Name t\u00e4uscht! Ju-Jutsu wurde vor rund 50 Jahren als Selbstverteidigung f\u00fcr Polizei und Milit\u00e4r entwickelt. Ju-Jutsu verwendet auch viele Techniken aus anderen Kampfsportarten wie Judo, Karate, &hellip; <a href=\"https:\/\/nwjjv-jugend.de\/wordpress\/ju-jutsu-was-ist-denn-das\/\" class=\"more-link\"><span class=\"screen-reader-text\">Ju-Jutsu ? was ist denn das ?<\/span> weiterlesen<\/a><\/p>\n","protected":false},"author":1,"featured_media":0,"parent":0,"menu_order":0,"comment_status":"closed","ping_status":"closed","template":"","meta":{"footnotes":""},"class_list":["post-28","page","type-page","status-publish","hentry"],"_links":{"self":[{"href":"https:\/\/nwjjv-jugend.de\/wordpress\/wp-json\/wp\/v2\/pages\/28","targetHints":{"allow":["GET"]}}],"collection":[{"href":"https:\/\/nwjjv-jugend.de\/wordpress\/wp-json\/wp\/v2\/pages"}],"about":[{"href":"https:\/\/nwjjv-jugend.de\/wordpress\/wp-json\/wp\/v2\/types\/page"}],"author":[{"embeddable":true,"href":"https:\/\/nwjjv-jugend.de\/wordpress\/wp-json\/wp\/v2\/users\/1"}],"replies":[{"embeddable":true,"href":"https:\/\/nwjjv-jugend.de\/wordpress\/wp-json\/wp\/v2\/comments?post=28"}],"version-history":[{"count":4,"href":"https:\/\/nwjjv-jugend.de\/wordpress\/wp-json\/wp\/v2\/pages\/28\/revisions"}],"predecessor-version":[{"id":58,"href":"https:\/\/nwjjv-jugend.de\/wordpress\/wp-json\/wp\/v2\/pages\/28\/revisions\/58"}],"wp:attachment":[{"href":"https:\/\/nwjjv-jugend.de\/wordpress\/wp-json\/wp\/v2\/media?parent=28"}],"curies":[{"name":"wp","href":"https:\/\/api.w.org\/{rel}","templated":true}]}}