{"id":42,"date":"2020-05-03T14:55:26","date_gmt":"2020-05-03T12:55:26","guid":{"rendered":"http:\/\/nwjjv-jugend.de\/wordpress\/?page_id=42"},"modified":"2026-03-18T13:13:07","modified_gmt":"2026-03-18T12:13:07","slug":"die-ansprechpartner","status":"publish","type":"page","link":"https:\/\/nwjjv-jugend.de\/wordpress\/die-ansprechpartner\/","title":{"rendered":"Die Ansprechpartner"},"content":{"rendered":"\n<p>Ihr habt Fragen die man direkt kl\u00e4ren kann?&nbsp;Es gibt W\u00fcnsche ? Oder l\u00e4uft es irgendwo mit Euren Trainern nicht so rund? Daf\u00fcr gibt es eure Ansprechpartner.<\/p>\n\n\n\n<p><strong>Die k\u00f6nnen dir sicher weiter helfen.&nbsp;<\/strong><\/p>\n\n\n\n<div class=\"wp-block-media-text alignwide is-stacked-on-mobile is-vertically-aligned-top\" style=\"grid-template-columns:43% auto\"><figure class=\"wp-block-media-text__media\"><img loading=\"lazy\" decoding=\"async\" width=\"683\" height=\"1024\" src=\"https:\/\/nwjjv-jugend.de\/wordpress\/wp-content\/uploads\/2024\/08\/3_Trainer-Fotos_20240701-Mittel-683x1024.jpg\" alt=\"\" class=\"wp-image-484 size-full\" srcset=\"https:\/\/nwjjv-jugend.de\/wordpress\/wp-content\/uploads\/2024\/08\/3_Trainer-Fotos_20240701-Mittel-683x1024.jpg 683w, https:\/\/nwjjv-jugend.de\/wordpress\/wp-content\/uploads\/2024\/08\/3_Trainer-Fotos_20240701-Mittel-200x300.jpg 200w, https:\/\/nwjjv-jugend.de\/wordpress\/wp-content\/uploads\/2024\/08\/3_Trainer-Fotos_20240701-Mittel.jpg 768w\" sizes=\"auto, (max-width: 683px) 100vw, 683px\" \/><\/figure><div class=\"wp-block-media-text__content\">\n<p><strong>Vizepr\u00e4sident Jugend<\/strong><br><br>Name: Andreas Dern<br><br>E-Mail: <a href=\"mailto:jugend@nwjjv.eu\">jugend@nwjjv.eu<\/a><\/p>\n<\/div><\/div>\n\n\n\n<div class=\"wp-block-media-text alignwide is-stacked-on-mobile\" style=\"grid-template-columns:43% auto\"><figure class=\"wp-block-media-text__media\"><img loading=\"lazy\" decoding=\"async\" width=\"768\" height=\"1024\" src=\"https:\/\/nwjjv-jugend.de\/wordpress\/wp-content\/uploads\/2024\/03\/IMG_5840photo-768x1024.jpg\" alt=\"\" class=\"wp-image-429 size-full\" srcset=\"https:\/\/nwjjv-jugend.de\/wordpress\/wp-content\/uploads\/2024\/03\/IMG_5840photo-768x1024.jpg 768w, https:\/\/nwjjv-jugend.de\/wordpress\/wp-content\/uploads\/2024\/03\/IMG_5840photo-225x300.jpg 225w, https:\/\/nwjjv-jugend.de\/wordpress\/wp-content\/uploads\/2024\/03\/IMG_5840photo-1152x1536.jpg 1152w, https:\/\/nwjjv-jugend.de\/wordpress\/wp-content\/uploads\/2024\/03\/IMG_5840photo.jpg 1200w\" sizes=\"auto, (max-width: 768px) 100vw, 768px\" \/><\/figure><div class=\"wp-block-media-text__content\">\n<p><strong>Bezirk Aachen<\/strong><\/p>\n\n\n\n<p>Name: Markus Hackhausen<\/p>\n\n\n\n<p>E-Mail: <a href=\"mailto:aachen@nwjjv-jugend.de\">aachen@nwjjv-jugend.de<\/a><\/p>\n<\/div><\/div>\n\n\n\n<div class=\"wp-block-media-text alignwide is-stacked-on-mobile\" style=\"grid-template-columns:43% auto\"><figure class=\"wp-block-media-text__media\"><img loading=\"lazy\" decoding=\"async\" width=\"576\" height=\"1024\" src=\"https:\/\/nwjjv-jugend.de\/wordpress\/wp-content\/uploads\/2022\/11\/Achim-Baum-576x1024.jpg\" alt=\"\" class=\"wp-image-223 size-full\" srcset=\"https:\/\/nwjjv-jugend.de\/wordpress\/wp-content\/uploads\/2022\/11\/Achim-Baum-576x1024.jpg 576w, https:\/\/nwjjv-jugend.de\/wordpress\/wp-content\/uploads\/2022\/11\/Achim-Baum-169x300.jpg 169w, https:\/\/nwjjv-jugend.de\/wordpress\/wp-content\/uploads\/2022\/11\/Achim-Baum-768x1365.jpg 768w, https:\/\/nwjjv-jugend.de\/wordpress\/wp-content\/uploads\/2022\/11\/Achim-Baum-864x1536.jpg 864w, https:\/\/nwjjv-jugend.de\/wordpress\/wp-content\/uploads\/2022\/11\/Achim-Baum-1152x2048.jpg 1152w, https:\/\/nwjjv-jugend.de\/wordpress\/wp-content\/uploads\/2022\/11\/Achim-Baum.jpg 1240w\" sizes=\"auto, (max-width: 576px) 100vw, 576px\" \/><\/figure><div class=\"wp-block-media-text__content\">\n<p><strong>Bezirk Arnsberg<\/strong><\/p>\n\n\n\n<p>Name: Achim Baum<\/p>\n\n\n\n<p>E-Mail: <a href=\"mailto:arnsberg@nwjjv-jugend.de\">arnsberg@nwjjv-jugend.de<\/a><\/p>\n<\/div><\/div>\n\n\n\n<div class=\"wp-block-media-text alignwide is-stacked-on-mobile\" style=\"grid-template-columns:43% auto\"><figure class=\"wp-block-media-text__media\"><img loading=\"lazy\" decoding=\"async\" width=\"724\" height=\"1024\" src=\"https:\/\/nwjjv-jugend.de\/wordpress\/wp-content\/uploads\/2026\/03\/Bild.jpeg\" alt=\"\" class=\"wp-image-569 size-full\" srcset=\"https:\/\/nwjjv-jugend.de\/wordpress\/wp-content\/uploads\/2026\/03\/Bild.jpeg 724w, https:\/\/nwjjv-jugend.de\/wordpress\/wp-content\/uploads\/2026\/03\/Bild-212x300.jpeg 212w\" sizes=\"auto, (max-width: 724px) 100vw, 724px\" \/><\/figure><div class=\"wp-block-media-text__content\">\n<p><strong>Bezirk Bielefeld<\/strong><\/p>\n\n\n\n<p>Name: Brian Smith<\/p>\n\n\n\n<p>E-Mail: <a href=\"mailto:bielefeld@nwjjv-jugend.de\" target=\"_blank\" rel=\"noreferrer noopener\">bielefeld@nwjjv-jugend.de<\/a><\/p>\n<\/div><\/div>\n\n\n\n<div class=\"wp-block-media-text alignwide is-stacked-on-mobile is-vertically-aligned-top\" style=\"grid-template-columns:43% auto\"><figure class=\"wp-block-media-text__media\"><img loading=\"lazy\" decoding=\"async\" width=\"768\" height=\"1024\" src=\"https:\/\/nwjjv-jugend.de\/wordpress\/wp-content\/uploads\/2022\/08\/IMG_1079photo-768x1024.jpg\" alt=\"\" class=\"wp-image-122 size-full\" srcset=\"https:\/\/nwjjv-jugend.de\/wordpress\/wp-content\/uploads\/2022\/08\/IMG_1079photo-768x1024.jpg 768w, https:\/\/nwjjv-jugend.de\/wordpress\/wp-content\/uploads\/2022\/08\/IMG_1079photo-225x300.jpg 225w, https:\/\/nwjjv-jugend.de\/wordpress\/wp-content\/uploads\/2022\/08\/IMG_1079photo.jpg 972w\" sizes=\"auto, (max-width: 768px) 100vw, 768px\" \/><\/figure><div class=\"wp-block-media-text__content\">\n<p><strong>Bezirk D\u00fcsseldorf<\/strong><\/p>\n\n\n\n<p>Name: Michael Holstein<\/p>\n\n\n\n<p>E-Mail: <a href=\"mailto:duesseldorf@nwjjv-jugend.de\">duesseldorf@nwjjv-jugend.de<\/a> <\/p>\n<\/div><\/div>\n\n\n\n<div class=\"wp-block-media-text alignwide is-stacked-on-mobile\" style=\"grid-template-columns:43% auto\"><figure class=\"wp-block-media-text__media\"><img loading=\"lazy\" decoding=\"async\" width=\"769\" height=\"1024\" src=\"https:\/\/nwjjv-jugend.de\/wordpress\/wp-content\/uploads\/2022\/10\/Seven-Wetzel-1-769x1024.png\" alt=\"\" class=\"wp-image-195 size-full\" srcset=\"https:\/\/nwjjv-jugend.de\/wordpress\/wp-content\/uploads\/2022\/10\/Seven-Wetzel-1-769x1024.png 769w, https:\/\/nwjjv-jugend.de\/wordpress\/wp-content\/uploads\/2022\/10\/Seven-Wetzel-1-225x300.png 225w, https:\/\/nwjjv-jugend.de\/wordpress\/wp-content\/uploads\/2022\/10\/Seven-Wetzel-1-768x1023.png 768w, https:\/\/nwjjv-jugend.de\/wordpress\/wp-content\/uploads\/2022\/10\/Seven-Wetzel-1-1153x1536.png 1153w, https:\/\/nwjjv-jugend.de\/wordpress\/wp-content\/uploads\/2022\/10\/Seven-Wetzel-1-1537x2048.png 1537w, https:\/\/nwjjv-jugend.de\/wordpress\/wp-content\/uploads\/2022\/10\/Seven-Wetzel-1.png 1748w\" sizes=\"auto, (max-width: 769px) 100vw, 769px\" \/><\/figure><div class=\"wp-block-media-text__content\">\n<p><strong>Bezirk K\u00f6ln<\/strong><\/p>\n\n\n\n<p>Name: Sven Wetzel<\/p>\n\n\n\n<p>E-Mail: <a href=\"mailto:koeln@nwjjv-jugend.de\">koeln@nwjjv-jugend.de<\/a><\/p>\n<\/div><\/div>\n\n\n\n<div class=\"wp-block-media-text alignwide is-stacked-on-mobile\" style=\"grid-template-columns:43% auto\"><figure class=\"wp-block-media-text__media\"><img loading=\"lazy\" decoding=\"async\" width=\"1080\" height=\"1920\" src=\"https:\/\/nwjjv-jugend.de\/wordpress\/wp-content\/uploads\/2022\/09\/IMG-20220909-WA0008.jpg\" alt=\"\" class=\"wp-image-136 size-full\" srcset=\"https:\/\/nwjjv-jugend.de\/wordpress\/wp-content\/uploads\/2022\/09\/IMG-20220909-WA0008.jpg 1080w, https:\/\/nwjjv-jugend.de\/wordpress\/wp-content\/uploads\/2022\/09\/IMG-20220909-WA0008-169x300.jpg 169w, https:\/\/nwjjv-jugend.de\/wordpress\/wp-content\/uploads\/2022\/09\/IMG-20220909-WA0008-576x1024.jpg 576w, https:\/\/nwjjv-jugend.de\/wordpress\/wp-content\/uploads\/2022\/09\/IMG-20220909-WA0008-768x1365.jpg 768w, https:\/\/nwjjv-jugend.de\/wordpress\/wp-content\/uploads\/2022\/09\/IMG-20220909-WA0008-864x1536.jpg 864w\" sizes=\"auto, (max-width: 1080px) 100vw, 1080px\" \/><\/figure><div class=\"wp-block-media-text__content\">\n<p><strong>Bezirk M\u00f6nchengladbach<\/strong><\/p>\n\n\n\n<p>Name: Thorsten (Totti) Pestotnik<\/p>\n\n\n\n<p>E-Mail: <a rel=\"noreferrer noopener\" href=\"mailto:moenchengladbach@nwjjv-jugend.de\" target=\"_blank\">moenchengladbach@nwjjv-jugend.de<\/a><\/p>\n<\/div><\/div>\n\n\n\n<div class=\"wp-block-media-text alignwide is-stacked-on-mobile\" style=\"grid-template-columns:43% auto\"><figure class=\"wp-block-media-text__media\"><img loading=\"lazy\" decoding=\"async\" width=\"346\" height=\"478\" src=\"https:\/\/nwjjv-jugend.de\/wordpress\/wp-content\/uploads\/2022\/09\/image1-3.jpeg\" alt=\"\" class=\"wp-image-165 size-full\" srcset=\"https:\/\/nwjjv-jugend.de\/wordpress\/wp-content\/uploads\/2022\/09\/image1-3.jpeg 346w, https:\/\/nwjjv-jugend.de\/wordpress\/wp-content\/uploads\/2022\/09\/image1-3-217x300.jpeg 217w\" sizes=\"auto, (max-width: 346px) 100vw, 346px\" \/><\/figure><div class=\"wp-block-media-text__content\">\n<p><strong>Bezirk Siegen<\/strong><\/p>\n\n\n\n<p>Name: Sonja Wege<\/p>\n\n\n\n<p>E-Mail: <a href=\"mailto:siegen@nwjjv-jugend.de\">siegen@nwjjv-jugend.de<\/a><\/p>\n<\/div><\/div>\n\n\n\n<div class=\"wp-block-media-text alignwide is-stacked-on-mobile\" style=\"grid-template-columns:43% auto\"><figure class=\"wp-block-media-text__media\"><img loading=\"lazy\" decoding=\"async\" width=\"859\" height=\"1024\" src=\"https:\/\/nwjjv-jugend.de\/wordpress\/wp-content\/uploads\/2022\/09\/20220921_153724-859x1024.jpg\" alt=\"\" class=\"wp-image-168 size-full\" srcset=\"https:\/\/nwjjv-jugend.de\/wordpress\/wp-content\/uploads\/2022\/09\/20220921_153724-859x1024.jpg 859w, https:\/\/nwjjv-jugend.de\/wordpress\/wp-content\/uploads\/2022\/09\/20220921_153724-252x300.jpg 252w, https:\/\/nwjjv-jugend.de\/wordpress\/wp-content\/uploads\/2022\/09\/20220921_153724-768x916.jpg 768w, https:\/\/nwjjv-jugend.de\/wordpress\/wp-content\/uploads\/2022\/09\/20220921_153724-1288x1536.jpg 1288w, https:\/\/nwjjv-jugend.de\/wordpress\/wp-content\/uploads\/2022\/09\/20220921_153724-1718x2048.jpg 1718w\" sizes=\"auto, (max-width: 859px) 100vw, 859px\" \/><\/figure><div class=\"wp-block-media-text__content\">\n<p><strong>Jugendreferentin Internet<\/strong><\/p>\n\n\n\n<p>Name: Tessa Hennings<\/p>\n\n\n\n<p>E-Mail: <a href=\"mailto:internet@nwjjv-jugend.de\">internet@nwjjv-jugend.de<\/a><\/p>\n<\/div><\/div>\n\n\n\n<div class=\"wp-block-media-text alignwide is-stacked-on-mobile\" style=\"grid-template-columns:43% auto\"><figure class=\"wp-block-media-text__media\"><img loading=\"lazy\" decoding=\"async\" width=\"457\" height=\"1024\" src=\"https:\/\/nwjjv-jugend.de\/wordpress\/wp-content\/uploads\/2026\/03\/e16be397-de20-437b-8996-ea0063a72094-457x1024.jpeg\" alt=\"\" class=\"wp-image-566 size-full\" srcset=\"https:\/\/nwjjv-jugend.de\/wordpress\/wp-content\/uploads\/2026\/03\/e16be397-de20-437b-8996-ea0063a72094-457x1024.jpeg 457w, https:\/\/nwjjv-jugend.de\/wordpress\/wp-content\/uploads\/2026\/03\/e16be397-de20-437b-8996-ea0063a72094-134x300.jpeg 134w, https:\/\/nwjjv-jugend.de\/wordpress\/wp-content\/uploads\/2026\/03\/e16be397-de20-437b-8996-ea0063a72094.jpeg 619w\" sizes=\"auto, (max-width: 457px) 100vw, 457px\" \/><\/figure><div class=\"wp-block-media-text__content\">\n<p><strong>Jugendreferent Kampf<\/strong><br><br>Name: Ssam Arasteh<br><br>E-Mail: <a href=\"mailto:kampf@nwjjv-jugend.de\">kampf@nwjjv-jugend.de<\/a><\/p>\n<\/div><\/div>\n\n\n\n<div class=\"wp-block-media-text is-stacked-on-mobile\" style=\"grid-template-columns:43% auto\"><figure class=\"wp-block-media-text__media\"><img loading=\"lazy\" decoding=\"async\" width=\"656\" height=\"715\" src=\"https:\/\/nwjjv-jugend.de\/wordpress\/wp-content\/uploads\/2024\/05\/IMG_8118photo-full1.jpg\" alt=\"\" class=\"wp-image-481 size-full\" srcset=\"https:\/\/nwjjv-jugend.de\/wordpress\/wp-content\/uploads\/2024\/05\/IMG_8118photo-full1.jpg 656w, https:\/\/nwjjv-jugend.de\/wordpress\/wp-content\/uploads\/2024\/05\/IMG_8118photo-full1-275x300.jpg 275w\" sizes=\"auto, (max-width: 656px) 100vw, 656px\" \/><\/figure><div class=\"wp-block-media-text__content\">\n<p><strong>Bezirk  Jiu-Jitsu<\/strong><\/p>\n\n\n\n<p>Name: Nico ST\u00c4DTLER<\/p>\n\n\n\n<p>E-Mail: <a href=\"mailto:jiu-jitsu@nwjjv-jugend.de\">jiu-jitsu@nwjjv-jugend.de<\/a><\/p>\n\n\n\n<p><br><\/p>\n<\/div><\/div>\n\n\n\n<div class=\"wp-block-media-text is-stacked-on-mobile\" style=\"grid-template-columns:43% auto\"><figure class=\"wp-block-media-text__media\"><img loading=\"lazy\" decoding=\"async\" width=\"250\" height=\"334\" src=\"https:\/\/nwjjv-jugend.de\/wordpress\/wp-content\/uploads\/2024\/12\/WhatsApp-Bild-2024-12-22-um-15.56.47_f8c5b43b-1.jpg\" alt=\"\" class=\"wp-image-553 size-full\" srcset=\"https:\/\/nwjjv-jugend.de\/wordpress\/wp-content\/uploads\/2024\/12\/WhatsApp-Bild-2024-12-22-um-15.56.47_f8c5b43b-1.jpg 250w, https:\/\/nwjjv-jugend.de\/wordpress\/wp-content\/uploads\/2024\/12\/WhatsApp-Bild-2024-12-22-um-15.56.47_f8c5b43b-1-225x300.jpg 225w\" sizes=\"auto, (max-width: 250px) 100vw, 250px\" \/><\/figure><div class=\"wp-block-media-text__content\">\n<p><strong>Bezirk BJJ<\/strong><\/p>\n\n\n\n<p>Name: Julian GIEBEL<\/p>\n\n\n\n<p>E-Mail: <a href=\"mailto:bjj@nwjjv-jugend.de\">bjj@nwjjv-jugend.de<\/a><\/p>\n<\/div><\/div>\n","protected":false},"excerpt":{"rendered":"<p>Ihr habt Fragen die man direkt kl\u00e4ren kann?&nbsp;Es gibt W\u00fcnsche ? Oder l\u00e4uft es irgendwo mit Euren Trainern nicht so rund? Daf\u00fcr gibt es eure Ansprechpartner. Die k\u00f6nnen dir sicher &hellip; <a href=\"https:\/\/nwjjv-jugend.de\/wordpress\/die-ansprechpartner\/\" class=\"more-link\"><span class=\"screen-reader-text\">Die Ansprechpartner<\/span> weiterlesen<\/a><\/p>\n","protected":false},"author":1,"featured_media":0,"parent":0,"menu_order":0,"comment_status":"closed","ping_status":"closed","template":"","meta":{"footnotes":""},"class_list":["post-42","page","type-page","status-publish","hentry"],"_links":{"self":[{"href":"https:\/\/nwjjv-jugend.de\/wordpress\/wp-json\/wp\/v2\/pages\/42","targetHints":{"allow":["GET"]}}],"collection":[{"href":"https:\/\/nwjjv-jugend.de\/wordpress\/wp-json\/wp\/v2\/pages"}],"about":[{"href":"https:\/\/nwjjv-jugend.de\/wordpress\/wp-json\/wp\/v2\/types\/page"}],"author":[{"embeddable":true,"href":"https:\/\/nwjjv-jugend.de\/wordpress\/wp-json\/wp\/v2\/users\/1"}],"replies":[{"embeddable":true,"href":"https:\/\/nwjjv-jugend.de\/wordpress\/wp-json\/wp\/v2\/comments?post=42"}],"version-history":[{"count":38,"href":"https:\/\/nwjjv-jugend.de\/wordpress\/wp-json\/wp\/v2\/pages\/42\/revisions"}],"predecessor-version":[{"id":572,"href":"https:\/\/nwjjv-jugend.de\/wordpress\/wp-json\/wp\/v2\/pages\/42\/revisions\/572"}],"wp:attachment":[{"href":"https:\/\/nwjjv-jugend.de\/wordpress\/wp-json\/wp\/v2\/media?parent=42"}],"curies":[{"name":"wp","href":"https:\/\/api.w.org\/{rel}","templated":true}]}}