{"id":45,"date":"2020-05-03T14:57:03","date_gmt":"2020-05-03T12:57:03","guid":{"rendered":"http:\/\/nwjjv-jugend.de\/wordpress\/?page_id=45"},"modified":"2022-04-01T08:11:14","modified_gmt":"2022-04-01T06:11:14","slug":"die-12-goldenen-ju-jutsu-werte-und-verhaltensregeln","status":"publish","type":"page","link":"https:\/\/nwjjv-jugend.de\/wordpress\/die-12-goldenen-ju-jutsu-werte-und-verhaltensregeln\/","title":{"rendered":"Die 12 goldenen Ju-Jutsu  Werte und Verhaltensregeln"},"content":{"rendered":"<p>1. P\u00fcnktlichkeit Sei p\u00fcnktlich zu jeder Trainingseinheit.<\/p>\n<p>2. H\u00f6flichkeit Behandle Deinen Trainingspartner und Wettkampfgegner wie einen Freund. Zeige Deinen Respekt gegen\u00fcber Deinem Trainingspartner und Trainer durch eine Verbeugung.<\/p>\n<p>3. Selbstbeherrschung Verliere nie die Beherrschung, auch dann nicht, wenn Du die Situation als unfair empfi ndest. Suche das Gespr\u00e4ch mit Deinem Trainingspartner, Wettkampfgegner und Trainer.<\/p>\n<p>4. Respekt Zeige Respekt vor denen, die h\u00f6her graduiert sind als Du, insbesondere gegen\u00fcber Deinen Trainern. Sei loyal gegen\u00fcber Trainern, Sportkameraden und Deinem Verein.<\/p>\n<p>5. Ehrlichkeit Verhalte Dich im Training ehrlich und fair gegen\u00fcber Deinen Partnern und Trainern. K\u00e4mpfe fair, ohne unsportliche Handlungen und ohne Hintergedanken. Nimm auf Schw\u00e4chere und J\u00fcngere R\u00fccksicht.<\/p>\n<p>6. Ernsthaftigkeit Sei im Training und im Wettkampf konzentriert und<img loading=\"lazy\" decoding=\"async\" class=\"size-medium wp-image-62 alignright\" src=\"https:\/\/nwjjv-jugend.de\/wordpress\/wp-content\/uploads\/2022\/04\/e142054e16230070435089f87fdf2eef03dfafc6-222x300.png\" alt=\"\" width=\"222\" height=\"300\" srcset=\"https:\/\/nwjjv-jugend.de\/wordpress\/wp-content\/uploads\/2022\/04\/e142054e16230070435089f87fdf2eef03dfafc6-222x300.png 222w, https:\/\/nwjjv-jugend.de\/wordpress\/wp-content\/uploads\/2022\/04\/e142054e16230070435089f87fdf2eef03dfafc6.png 757w\" sizes=\"auto, (max-width: 222px) 100vw, 222px\" \/> aufmerksam. Sei diszipliniert, \u00fcbe flei\u00dfig und entwickle eine positive Einstellung zum Training<\/p>\n<p>7. Freundschaft Achte alle Menschen, die Dir im Sport begegnen. Habe mit diesen gemeinsam Spa\u00df und Freude. Daraus entwickelt sich Freundschaft.<\/p>\n<p>8. Mut Zeige Mut beim K\u00e4mpfen, und au\u00dferhalb des Dojo Zivilcourage. Gib Dich niemals auf, auch dann nicht, wenn eine Niederlage droht.<\/p>\n<p>9. Hilfsbereitschaft Helfe Deinem Trainingspartner, die gezeigten Techniken richtig zu erlernen. Unterst\u00fctze Deine Partner und Deinen Trainer. Helfe Neuen, sich in der Gruppe einzuleben und sich zu integrieren. St\u00e4rke den Einzelnen in der Gruppe und f\u00f6rdere den Zusammenhalt Deiner Gruppe.<\/p>\n<p>10. Sauberkeit Trage stets einen sauberen Gi, den Du erst in der Umkleidekabine des Dojo anziehst. Halte Deine H\u00e4nde und F\u00fc\u00dfe sauber, die Finger- und Fu\u00dfn\u00e4gel kurz geschnitten.<\/p>\n<p>11. Gesundheit Achte auf Deine Gesundheit und sch\u00fctze Deinen K\u00f6rper. Durch regelm\u00e4\u00dfiges Training wirst Du ihn st\u00e4rken. Sage \u201eNein\u201c zu Drogen, Alkohol und Zigaretten.<\/p>\n<p>12. Bescheidenheit Spiele Dich nicht in den Vordergrund. Erkenne auch die Leistung anderer an. \u00dcbertreibe nicht, wenn Du \u00fcber Deinen Erfolg sprichst. Orientiere Dich an denen, die noch besser sind, nur dann wirst Du Deine Ziele erreichen und nur dann werden die anderen Deine Leistungen sch\u00e4tzen. Zeige stets Einsatz und Leistungsbereitschaft.<\/p>\n","protected":false},"excerpt":{"rendered":"<p>1. P\u00fcnktlichkeit Sei p\u00fcnktlich zu jeder Trainingseinheit. 2. H\u00f6flichkeit Behandle Deinen Trainingspartner und Wettkampfgegner wie einen Freund. Zeige Deinen Respekt gegen\u00fcber Deinem Trainingspartner und Trainer durch eine Verbeugung. 3. Selbstbeherrschung &hellip; <a href=\"https:\/\/nwjjv-jugend.de\/wordpress\/die-12-goldenen-ju-jutsu-werte-und-verhaltensregeln\/\" class=\"more-link\"><span class=\"screen-reader-text\">Die 12 goldenen Ju-Jutsu  Werte und Verhaltensregeln<\/span> weiterlesen<\/a><\/p>\n","protected":false},"author":1,"featured_media":0,"parent":0,"menu_order":0,"comment_status":"closed","ping_status":"closed","template":"","meta":{"footnotes":""},"class_list":["post-45","page","type-page","status-publish","hentry"],"_links":{"self":[{"href":"https:\/\/nwjjv-jugend.de\/wordpress\/wp-json\/wp\/v2\/pages\/45","targetHints":{"allow":["GET"]}}],"collection":[{"href":"https:\/\/nwjjv-jugend.de\/wordpress\/wp-json\/wp\/v2\/pages"}],"about":[{"href":"https:\/\/nwjjv-jugend.de\/wordpress\/wp-json\/wp\/v2\/types\/page"}],"author":[{"embeddable":true,"href":"https:\/\/nwjjv-jugend.de\/wordpress\/wp-json\/wp\/v2\/users\/1"}],"replies":[{"embeddable":true,"href":"https:\/\/nwjjv-jugend.de\/wordpress\/wp-json\/wp\/v2\/comments?post=45"}],"version-history":[{"count":2,"href":"https:\/\/nwjjv-jugend.de\/wordpress\/wp-json\/wp\/v2\/pages\/45\/revisions"}],"predecessor-version":[{"id":63,"href":"https:\/\/nwjjv-jugend.de\/wordpress\/wp-json\/wp\/v2\/pages\/45\/revisions\/63"}],"wp:attachment":[{"href":"https:\/\/nwjjv-jugend.de\/wordpress\/wp-json\/wp\/v2\/media?parent=45"}],"curies":[{"name":"wp","href":"https:\/\/api.w.org\/{rel}","templated":true}]}}