{"id":5,"date":"2019-11-10T13:05:06","date_gmt":"2019-11-10T12:05:06","guid":{"rendered":"http:\/\/nwjjv-jugend.de\/wordpress\/?page_id=5"},"modified":"2023-04-09T19:00:47","modified_gmt":"2023-04-09T17:00:47","slug":"impressum","status":"publish","type":"page","link":"https:\/\/nwjjv-jugend.de\/wordpress\/impressum\/","title":{"rendered":"Impressum"},"content":{"rendered":"\n<p>Die Homepage der Jugend im Nordrhein-Westf\u00e4lischer Ju-Jutsu Verband e.V. wurde mit gr\u00f6\u00dfter Sorgfalt erstellt. F\u00fcr die Inhalte ist der Herausgeber verantwortlich. Transparenz ist die Basis f\u00fcr Vertrauen und ein positives Nutzererlebnis. Daf\u00fcr stehen die nachfolgenden Informationen. Fragen und Anregungen zu unseren Angeboten nehmen wir dankend entgegen. Uns interessiert aber auch Ihre Meinung zu unserer Homepage. Vielleicht haben Sie noch Anregungen wie wir diese verbessern k\u00f6nnen. Sie k\u00f6nnen uns einfach eine E-Mail schreiben an: geschaeftsstelle@nwjjv.e<\/p>\n\n\n\n<p><strong>NWJJV e.V.<\/strong><\/p>\n\n\n\n<ul class=\"wp-block-list\">\n<li>Haus des K\u00f6lner Sports StadtSportBund K\u00f6ln e.V.<\/li>\n\n\n\n<li>Ulrich-Brisch-Weg 1 50858 K\u00f6ln<\/li>\n\n\n\n<li>Telefon: (0221) 9918005 Fax: (0221) 9918007<\/li>\n\n\n\n<li>E-Mail: geschaeftsstelle@nwjjv.eu<\/li>\n\n\n\n<li>LSB-Verbands-Nr.: 220 N<\/li>\n\n\n\n<li>Vereinsregister: Amtsgericht K\u00f6ln: VR 16075<\/li>\n\n\n\n<li>Steuernummer: 223\/5914\/0228 (Finanzamt K\u00f6ln-West)<\/li>\n<\/ul>\n\n\n\n<p>Vertreten durch das Pr\u00e4sidum (einzeln)<\/p>\n\n\n\n<ul class=\"wp-block-list\">\n<li>Pr\u00e4sident: Werner Dermann<\/li>\n\n\n\n<li>Vize-Pr\u00e4sident Finanzen: Klaus-J\u00fcrgen Sieberg<\/li>\n\n\n\n<li>Vize-Pr\u00e4sident Breitensport: Michael Naber<\/li>\n\n\n\n<li>Vize-Pr\u00e4sident Leistungssport: Philipp Neuwirth<\/li>\n<\/ul>\n\n\n\n<p>Verantwortliche i.S.d. \u00a7 55 Abs. 2 RStV<\/p>\n\n\n\n<ul class=\"wp-block-list\">\n<li>Andreas Dern<\/li>\n<\/ul>\n\n\n\n<p><strong>jeweils erreichbar \u00fcber die Gesch\u00e4ftsstelle<\/strong><\/p>\n\n\n\n<p>Das Impressum gilt f\u00fcr:<br \/>http:\/\/www.nwjjv-jugend.de und die Jugend Facebook-Seite<\/p>\n\n\n\n<p>So erreichen Sie den Webmaster bei technischen Fehlern (Toter Link, Rechtschreibfehler, etc.)<\/p>\n\n\n\n<ul class=\"wp-block-list\">\n<li>Webmaster: Ralf Pollnow<\/li>\n\n\n\n<li>E-Mail: webmaster@nwjjv.eu<\/li>\n\n\n\n<li>Telefon: (0211) 4846141<\/li>\n<\/ul>\n\n\n\n<p>&nbsp;<\/p>\n","protected":false},"excerpt":{"rendered":"<p>Die Homepage der Jugend im Nordrhein-Westf\u00e4lischer Ju-Jutsu Verband e.V. wurde mit gr\u00f6\u00dfter Sorgfalt erstellt. F\u00fcr die Inhalte ist der Herausgeber verantwortlich. Transparenz ist die Basis f\u00fcr Vertrauen und ein positives &hellip; <a href=\"https:\/\/nwjjv-jugend.de\/wordpress\/impressum\/\" class=\"more-link\"><span class=\"screen-reader-text\">Impressum<\/span> weiterlesen<\/a><\/p>\n","protected":false},"author":1,"featured_media":0,"parent":0,"menu_order":0,"comment_status":"closed","ping_status":"closed","template":"","meta":{"footnotes":""},"class_list":["post-5","page","type-page","status-publish","hentry"],"_links":{"self":[{"href":"https:\/\/nwjjv-jugend.de\/wordpress\/wp-json\/wp\/v2\/pages\/5","targetHints":{"allow":["GET"]}}],"collection":[{"href":"https:\/\/nwjjv-jugend.de\/wordpress\/wp-json\/wp\/v2\/pages"}],"about":[{"href":"https:\/\/nwjjv-jugend.de\/wordpress\/wp-json\/wp\/v2\/types\/page"}],"author":[{"embeddable":true,"href":"https:\/\/nwjjv-jugend.de\/wordpress\/wp-json\/wp\/v2\/users\/1"}],"replies":[{"embeddable":true,"href":"https:\/\/nwjjv-jugend.de\/wordpress\/wp-json\/wp\/v2\/comments?post=5"}],"version-history":[{"count":5,"href":"https:\/\/nwjjv-jugend.de\/wordpress\/wp-json\/wp\/v2\/pages\/5\/revisions"}],"predecessor-version":[{"id":272,"href":"https:\/\/nwjjv-jugend.de\/wordpress\/wp-json\/wp\/v2\/pages\/5\/revisions\/272"}],"wp:attachment":[{"href":"https:\/\/nwjjv-jugend.de\/wordpress\/wp-json\/wp\/v2\/media?parent=5"}],"curies":[{"name":"wp","href":"https:\/\/api.w.org\/{rel}","templated":true}]}}